{"id":3175,"date":"2023-03-01T18:18:20","date_gmt":"2023-03-01T17:18:20","guid":{"rendered":"https:\/\/bmitainepaysagiste.com\/?page_id=3175"},"modified":"2023-03-07T18:40:37","modified_gmt":"2023-03-07T17:40:37","slug":"public_cour-ecole-maternelle","status":"publish","type":"page","link":"https:\/\/bmitainepaysagiste.com\/index.php\/public_cour-ecole-maternelle\/","title":{"rendered":"Public_cour \u00e9cole maternelle"},"content":{"rendered":"\t\t<div data-elementor-type=\"wp-page\" data-elementor-id=\"3175\" class=\"elementor elementor-3175\">\n\t\t\t\t\t\t\t\t\t<section class=\"elementor-section elementor-top-section elementor-element elementor-element-37cb69a elementor-section-full_width elementor-section-height-default elementor-section-height-default\" data-id=\"37cb69a\" data-element_type=\"section\" data-settings=\"{&quot;background_background&quot;:&quot;classic&quot;}\">\n\t\t\t\t\t\t\t<div class=\"elementor-background-overlay\"><\/div>\n\t\t\t\t\t\t\t<div class=\"elementor-container elementor-column-gap-default\">\n\t\t\t\t\t<div class=\"elementor-column elementor-col-100 elementor-top-column elementor-element elementor-element-80346e7\" data-id=\"80346e7\" data-element_type=\"column\">\n\t\t\t<div class=\"elementor-widget-wrap elementor-element-populated\">\n\t\t\t\t\t\t\t\t<section class=\"elementor-section elementor-inner-section elementor-element elementor-element-0d05c17 elementor-section-full_width elementor-section-height-default elementor-section-height-default\" data-id=\"0d05c17\" data-element_type=\"section\">\n\t\t\t\t\t\t<div class=\"elementor-container elementor-column-gap-default\">\n\t\t\t\t\t<div class=\"elementor-column elementor-col-16 elementor-inner-column elementor-element elementor-element-6edcd9c\" data-id=\"6edcd9c\" data-element_type=\"column\">\n\t\t\t<div class=\"elementor-widget-wrap elementor-element-populated\">\n\t\t\t\t\t\t\t\t<div class=\"elementor-element elementor-element-6c968e1 elementor-view-default elementor-widget elementor-widget-icon\" data-id=\"6c968e1\" data-element_type=\"widget\" data-widget_type=\"icon.default\">\n\t\t\t\t<div class=\"elementor-widget-container\">\n\t\t\t\t\t<div class=\"elementor-icon-wrapper\">\n\t\t\t<a class=\"elementor-icon elementor-animation-shrink\" href=\"https:\/\/bmitainepaysagiste.com\/index.php\/paysagiste-concepteur-strasbourg_portfolio\/\">\n\t\t\t<i aria-hidden=\"true\" class=\"fas fa-th\"><\/i>\t\t\t<\/a>\n\t\t<\/div>\n\t\t\t\t<\/div>\n\t\t\t\t<\/div>\n\t\t\t\t\t<\/div>\n\t\t<\/div>\n\t\t\t\t<div class=\"elementor-column elementor-col-66 elementor-inner-column elementor-element elementor-element-fd09e9f\" data-id=\"fd09e9f\" data-element_type=\"column\">\n\t\t\t<div class=\"elementor-widget-wrap elementor-element-populated\">\n\t\t\t\t\t\t\t\t<div class=\"elementor-element elementor-element-be864e5 elementor-widget elementor-widget-heading\" data-id=\"be864e5\" data-element_type=\"widget\" data-widget_type=\"heading.default\">\n\t\t\t\t<div class=\"elementor-widget-container\">\n\t\t\t<h1 class=\"elementor-heading-title elementor-size-default\">Espaces publics<\/h1>\t\t<\/div>\n\t\t\t\t<\/div>\n\t\t\t\t<div class=\"elementor-element elementor-element-b37f83e elementor-widget elementor-widget-heading\" data-id=\"b37f83e\" data-element_type=\"widget\" data-widget_type=\"heading.default\">\n\t\t\t\t<div class=\"elementor-widget-container\">\n\t\t\t<h2 class=\"elementor-heading-title elementor-size-default\">Requalification de la cour de l'\u00e9cole maternelle de Saverdun<\/h2>\t\t<\/div>\n\t\t\t\t<\/div>\n\t\t\t\t<div class=\"elementor-element elementor-element-c14d889 elementor-widget-divider--view-line elementor-widget elementor-widget-divider\" data-id=\"c14d889\" data-element_type=\"widget\" data-widget_type=\"divider.default\">\n\t\t\t\t<div class=\"elementor-widget-container\">\n\t\t\t\t\t<div class=\"elementor-divider\">\n\t\t\t<span class=\"elementor-divider-separator\">\n\t\t\t\t\t\t<\/span>\n\t\t<\/div>\n\t\t\t\t<\/div>\n\t\t\t\t<\/div>\n\t\t\t\t\t<\/div>\n\t\t<\/div>\n\t\t\t\t<div class=\"elementor-column elementor-col-16 elementor-inner-column elementor-element elementor-element-0ae4440\" data-id=\"0ae4440\" data-element_type=\"column\">\n\t\t\t<div class=\"elementor-widget-wrap\">\n\t\t\t\t\t\t\t\t\t<\/div>\n\t\t<\/div>\n\t\t\t\t\t\t\t<\/div>\n\t\t<\/section>\n\t\t\t\t<section class=\"elementor-section elementor-inner-section elementor-element elementor-element-18af114 elementor-section-boxed elementor-section-height-default elementor-section-height-default\" data-id=\"18af114\" data-element_type=\"section\">\n\t\t\t\t\t\t<div class=\"elementor-container elementor-column-gap-default\">\n\t\t\t\t\t<div class=\"elementor-column elementor-col-100 elementor-inner-column elementor-element elementor-element-4af3a0b\" data-id=\"4af3a0b\" data-element_type=\"column\">\n\t\t\t<div class=\"elementor-widget-wrap elementor-element-populated\">\n\t\t\t\t\t\t\t\t<div class=\"elementor-element elementor-element-9d83a99 elementor-widget elementor-widget-text-editor\" data-id=\"9d83a99\" data-element_type=\"widget\" data-widget_type=\"text-editor.default\">\n\t\t\t\t<div class=\"elementor-widget-container\">\n\t\t\t\t\t\t\t<p>Mission en <strong>freelance<\/strong> pour le compte de la SCOP <strong>Terreauciel<\/strong>, compos\u00e9es d&rsquo;ing\u00e9nieurs agronomes et de paysagistes concepteurs, bas\u00e9e \u00e0 Toulouse. <br \/>Le projet de requalification de la cour de l&rsquo;\u00e9cole maternelle de Saverdun repose sur des principes de v\u00e9g\u00e9talisation, de d\u00e9simperm\u00e9abilisation des sols et de diversification des usages (jeux actifs, activit\u00e9s calmes, d\u00e9tente).<\/p>\t\t\t\t\t\t<\/div>\n\t\t\t\t<\/div>\n\t\t\t\t\t<\/div>\n\t\t<\/div>\n\t\t\t\t\t\t\t<\/div>\n\t\t<\/section>\n\t\t\t\t\t<\/div>\n\t\t<\/div>\n\t\t\t\t\t\t\t<\/div>\n\t\t<\/section>\n\t\t\t\t<section class=\"elementor-section elementor-top-section elementor-element elementor-element-b49eb31 elementor-section-full_width elementor-section-height-min-height elementor-section-items-stretch elementor-section-height-default\" data-id=\"b49eb31\" data-element_type=\"section\" data-settings=\"{&quot;background_background&quot;:&quot;classic&quot;}\">\n\t\t\t\t\t\t<div class=\"elementor-container elementor-column-gap-default\">\n\t\t\t\t\t<div class=\"elementor-column elementor-col-100 elementor-top-column elementor-element elementor-element-33c6600\" data-id=\"33c6600\" data-element_type=\"column\">\n\t\t\t<div class=\"elementor-widget-wrap elementor-element-populated\">\n\t\t\t\t\t\t\t\t<div class=\"elementor-element elementor-element-3f68217 elementor-arrows-position-outside elementor-pagination-position-outside elementor-widget elementor-widget-image-carousel\" data-id=\"3f68217\" data-element_type=\"widget\" data-settings=\"{&quot;autoplay&quot;:&quot;no&quot;,&quot;image_spacing_custom&quot;:{&quot;unit&quot;:&quot;px&quot;,&quot;size&quot;:30,&quot;sizes&quot;:[]},&quot;slides_to_show&quot;:&quot;3&quot;,&quot;slides_to_scroll&quot;:&quot;1&quot;,&quot;infinite&quot;:&quot;no&quot;,&quot;navigation&quot;:&quot;both&quot;,&quot;speed&quot;:500,&quot;image_spacing_custom_tablet&quot;:{&quot;unit&quot;:&quot;px&quot;,&quot;size&quot;:&quot;&quot;,&quot;sizes&quot;:[]},&quot;image_spacing_custom_mobile&quot;:{&quot;unit&quot;:&quot;px&quot;,&quot;size&quot;:&quot;&quot;,&quot;sizes&quot;:[]}}\" data-widget_type=\"image-carousel.default\">\n\t\t\t\t<div class=\"elementor-widget-container\">\n\t\t\t\t\t<div class=\"elementor-image-carousel-wrapper swiper-container\" dir=\"ltr\">\n\t\t\t<div class=\"elementor-image-carousel swiper-wrapper swiper-image-stretch\" aria-live=\"polite\">\n\t\t\t\t\t\t\t\t<div class=\"swiper-slide\" role=\"group\" aria-roledescription=\"slide\" aria-label=\"1 sur 4\"><a data-elementor-open-lightbox=\"yes\" data-elementor-lightbox-slideshow=\"3f68217\" data-e-action-hash=\"#elementor-action%3Aaction%3Dlightbox%26settings%3DeyJpZCI6MzE2OSwidXJsIjoiaHR0cHM6XC9cL2JtaXRhaW5lcGF5c2FnaXN0ZS5jb21cL3dwLWNvbnRlbnRcL3VwbG9hZHNcLzIwMjNcLzAzXC9GcmVlbGFuY2VfRUNPTEUtU0FWRVJEVU4xLmpwZyIsInNsaWRlc2hvdyI6IjNmNjgyMTcifQ%3D%3D\" href=\"https:\/\/bmitainepaysagiste.com\/wp-content\/uploads\/2023\/03\/Freelance_ECOLE-SAVERDUN1.jpg\"><figure class=\"swiper-slide-inner\"><img decoding=\"async\" class=\"swiper-slide-image\" src=\"https:\/\/bmitainepaysagiste.com\/wp-content\/uploads\/elementor\/thumbs\/Freelance_ECOLE-SAVERDUN1-q2vtg97z7mvjqduw4g7vz64l4xh8r5b29np43csne8.jpg\" alt=\"\" \/><\/figure><\/a><\/div><div class=\"swiper-slide\" role=\"group\" aria-roledescription=\"slide\" aria-label=\"2 sur 4\"><a data-elementor-open-lightbox=\"yes\" data-elementor-lightbox-slideshow=\"3f68217\" data-e-action-hash=\"#elementor-action%3Aaction%3Dlightbox%26settings%3DeyJpZCI6MzE3MSwidXJsIjoiaHR0cHM6XC9cL2JtaXRhaW5lcGF5c2FnaXN0ZS5jb21cL3dwLWNvbnRlbnRcL3VwbG9hZHNcLzIwMjNcLzAzXC9GcmVlbGFuY2VfRUNPTEUtU0FWRVJEVU4zLmpwZyIsInNsaWRlc2hvdyI6IjNmNjgyMTcifQ%3D%3D\" href=\"https:\/\/bmitainepaysagiste.com\/wp-content\/uploads\/2023\/03\/Freelance_ECOLE-SAVERDUN3.jpg\"><figure class=\"swiper-slide-inner\"><img decoding=\"async\" class=\"swiper-slide-image\" src=\"https:\/\/bmitainepaysagiste.com\/wp-content\/uploads\/elementor\/thumbs\/Freelance_ECOLE-SAVERDUN3-q2vtgdx65t1zcfo2d090tmxw3uu2tmtpyayjhqloj4.jpg\" alt=\"\" \/><\/figure><\/a><\/div><div class=\"swiper-slide\" role=\"group\" aria-roledescription=\"slide\" aria-label=\"3 sur 4\"><a data-elementor-open-lightbox=\"yes\" data-elementor-lightbox-slideshow=\"3f68217\" data-e-action-hash=\"#elementor-action%3Aaction%3Dlightbox%26settings%3DeyJpZCI6MzE3MCwidXJsIjoiaHR0cHM6XC9cL2JtaXRhaW5lcGF5c2FnaXN0ZS5jb21cL3dwLWNvbnRlbnRcL3VwbG9hZHNcLzIwMjNcLzAzXC9GcmVlbGFuY2VfRUNPTEUtU0FWRVJEVU4yLmpwZyIsInNsaWRlc2hvdyI6IjNmNjgyMTcifQ%3D%3D\" href=\"https:\/\/bmitainepaysagiste.com\/wp-content\/uploads\/2023\/03\/Freelance_ECOLE-SAVERDUN2.jpg\"><figure class=\"swiper-slide-inner\"><img decoding=\"async\" class=\"swiper-slide-image\" src=\"https:\/\/bmitainepaysagiste.com\/wp-content\/uploads\/elementor\/thumbs\/Freelance_ECOLE-SAVERDUN2-q2vtgc1hs4zep7qsnzfroneyx33ce8m9a1nkj6ogvk.jpg\" alt=\"\" \/><\/figure><\/a><\/div><div class=\"swiper-slide\" role=\"group\" aria-roledescription=\"slide\" aria-label=\"4 sur 4\"><a data-elementor-open-lightbox=\"yes\" data-elementor-lightbox-slideshow=\"3f68217\" data-e-action-hash=\"#elementor-action%3Aaction%3Dlightbox%26settings%3DeyJpZCI6MzM5NSwidXJsIjoiaHR0cHM6XC9cL2JtaXRhaW5lcGF5c2FnaXN0ZS5jb21cL3dwLWNvbnRlbnRcL3VwbG9hZHNcLzIwMjNcLzAzXC9GcmVlbGFuY2VfRUNPTEUtU0FWRVJEVU40LXNjYWxlZC5qcGciLCJzbGlkZXNob3ciOiIzZjY4MjE3In0%3D\" href=\"https:\/\/bmitainepaysagiste.com\/wp-content\/uploads\/2023\/03\/Freelance_ECOLE-SAVERDUN4-scaled.jpg\"><figure class=\"swiper-slide-inner\"><img decoding=\"async\" class=\"swiper-slide-image\" src=\"https:\/\/bmitainepaysagiste.com\/wp-content\/uploads\/elementor\/thumbs\/Freelance_ECOLE-SAVERDUN4-scaled-q36aofb8pj3r09wkh1x68rfb8sjxhamyd96jovcdbk.jpg\" alt=\"\" \/><\/figure><\/a><\/div>\t\t\t<\/div>\n\t\t\t\t\t\t\t\t\t\t\t\t<div class=\"elementor-swiper-button elementor-swiper-button-prev\" role=\"button\" tabindex=\"0\">\n\t\t\t\t\t\t<i aria-hidden=\"true\" class=\"eicon-chevron-left\"><\/i>\t\t\t\t\t<\/div>\n\t\t\t\t\t<div class=\"elementor-swiper-button elementor-swiper-button-next\" role=\"button\" tabindex=\"0\">\n\t\t\t\t\t\t<i aria-hidden=\"true\" class=\"eicon-chevron-right\"><\/i>\t\t\t\t\t<\/div>\n\t\t\t\t\n\t\t\t\t\t\t\t\t\t<div class=\"swiper-pagination\"><\/div>\n\t\t\t\t\t\t\t\t\t<\/div>\n\t\t\t\t<\/div>\n\t\t\t\t<\/div>\n\t\t\t\t\t<\/div>\n\t\t<\/div>\n\t\t\t\t\t\t\t<\/div>\n\t\t<\/section>\n\t\t\t\t\t\t\t<\/div>\n\t\t","protected":false},"excerpt":{"rendered":"<p>Espaces publics Requalification de la cour de l&rsquo;\u00e9cole maternelle de Saverdun Mission en freelance pour le compte de la SCOP Terreauciel, compos\u00e9es d&rsquo;ing\u00e9nieurs agronomes et de paysagistes concepteurs, bas\u00e9e \u00e0 Toulouse. Le projet de requalification de la cour de l&rsquo;\u00e9cole maternelle de Saverdun repose sur des principes de v\u00e9g\u00e9talisation, de d\u00e9simperm\u00e9abilisation des sols et de&#8230;<\/p>\n","protected":false},"author":2,"featured_media":0,"parent":0,"menu_order":0,"comment_status":"closed","ping_status":"closed","template":"","meta":{"_kad_post_transparent":"","_kad_post_title":"hide","_kad_post_layout":"fullwidth","_kad_post_sidebar_id":"","_kad_post_content_style":"unboxed","_kad_post_vertical_padding":"hide","_kad_post_feature":"hide","_kad_post_feature_position":"","_kad_post_header":false,"_kad_post_footer":false,"footnotes":""},"class_list":["post-3175","page","type-page","status-publish","hentry"],"_links":{"self":[{"href":"https:\/\/bmitainepaysagiste.com\/index.php\/wp-json\/wp\/v2\/pages\/3175","targetHints":{"allow":["GET"]}}],"collection":[{"href":"https:\/\/bmitainepaysagiste.com\/index.php\/wp-json\/wp\/v2\/pages"}],"about":[{"href":"https:\/\/bmitainepaysagiste.com\/index.php\/wp-json\/wp\/v2\/types\/page"}],"author":[{"embeddable":true,"href":"https:\/\/bmitainepaysagiste.com\/index.php\/wp-json\/wp\/v2\/users\/2"}],"replies":[{"embeddable":true,"href":"https:\/\/bmitainepaysagiste.com\/index.php\/wp-json\/wp\/v2\/comments?post=3175"}],"version-history":[{"count":16,"href":"https:\/\/bmitainepaysagiste.com\/index.php\/wp-json\/wp\/v2\/pages\/3175\/revisions"}],"predecessor-version":[{"id":3398,"href":"https:\/\/bmitainepaysagiste.com\/index.php\/wp-json\/wp\/v2\/pages\/3175\/revisions\/3398"}],"wp:attachment":[{"href":"https:\/\/bmitainepaysagiste.com\/index.php\/wp-json\/wp\/v2\/media?parent=3175"}],"curies":[{"name":"wp","href":"https:\/\/api.w.org\/{rel}","templated":true}]}}